{"id":1583,"date":"2024-02-13T14:33:57","date_gmt":"2024-02-13T14:33:57","guid":{"rendered":"https:\/\/lascuoladiottica.it\/?page_id=1583"},"modified":"2026-03-02T14:43:38","modified_gmt":"2026-03-02T14:43:38","slug":"corso-di-optometria-annuale-studenti-lavoratori","status":"publish","type":"page","link":"https:\/\/lascuoladiottica.it\/?page_id=1583","title":{"rendered":"Corso di Optometria Annuale Studenti-Lavoratori"},"content":{"rendered":"\t\t<div data-elementor-type=\"wp-page\" data-elementor-id=\"1583\" class=\"elementor elementor-1583\" data-elementor-post-type=\"page\">\n\t\t\t\t\t\t<section class=\"elementor-section elementor-top-section elementor-element elementor-element-06c41b9 elementor-section-boxed elementor-section-height-default elementor-section-height-default\" data-id=\"06c41b9\" data-element_type=\"section\" data-e-type=\"section\">\n\t\t\t\t\t\t<div class=\"elementor-container elementor-column-gap-default\">\n\t\t\t\t\t<div class=\"elementor-column elementor-col-100 elementor-top-column elementor-element elementor-element-406a4f1\" data-id=\"406a4f1\" data-element_type=\"column\" data-e-type=\"column\">\n\t\t\t<div class=\"elementor-widget-wrap elementor-element-populated\">\n\t\t\t\t\t\t<div class=\"elementor-element elementor-element-cf5e862 elementor-widget elementor-widget-image\" data-id=\"cf5e862\" data-element_type=\"widget\" data-e-type=\"widget\" data-widget_type=\"image.default\">\n\t\t\t\t<div class=\"elementor-widget-container\">\n\t\t\t\t\t\t\t\t\t\t\t\t\t\t\t<img fetchpriority=\"high\" decoding=\"async\" width=\"768\" height=\"512\" src=\"https:\/\/lascuoladiottica.it\/wp-content\/uploads\/2024\/02\/optometria-768x512.jpg\" class=\"attachment-medium_large size-medium_large wp-image-1579\" alt=\"\" srcset=\"https:\/\/lascuoladiottica.it\/wp-content\/uploads\/2024\/02\/optometria-768x512.jpg 768w, https:\/\/lascuoladiottica.it\/wp-content\/uploads\/2024\/02\/optometria-300x200.jpg 300w, https:\/\/lascuoladiottica.it\/wp-content\/uploads\/2024\/02\/optometria-600x400.jpg 600w, https:\/\/lascuoladiottica.it\/wp-content\/uploads\/2024\/02\/optometria.jpg 1024w\" sizes=\"(max-width: 768px) 100vw, 768px\" \/>\t\t\t\t\t\t\t\t\t\t\t\t\t\t\t<\/div>\n\t\t\t\t<\/div>\n\t\t\t\t\t<\/div>\n\t\t<\/div>\n\t\t\t\t\t<\/div>\n\t\t<\/section>\n\t\t\t\t<section class=\"elementor-section elementor-top-section elementor-element elementor-element-8794a4e elementor-section-boxed elementor-section-height-default elementor-section-height-default\" data-id=\"8794a4e\" data-element_type=\"section\" data-e-type=\"section\">\n\t\t\t\t\t\t<div class=\"elementor-container elementor-column-gap-default\">\n\t\t\t\t\t<div class=\"elementor-column elementor-col-100 elementor-top-column elementor-element elementor-element-0d25574\" data-id=\"0d25574\" data-element_type=\"column\" data-e-type=\"column\">\n\t\t\t<div class=\"elementor-widget-wrap elementor-element-populated\">\n\t\t\t\t\t\t<div class=\"elementor-element elementor-element-b048ba7 elementor-widget__width-auto elementor-widget elementor-widget-heading\" data-id=\"b048ba7\" data-element_type=\"widget\" data-e-type=\"widget\" data-widget_type=\"heading.default\">\n\t\t\t\t<div class=\"elementor-widget-container\">\n\t\t\t\t\t<h1 class=\"elementor-heading-title elementor-size-default\">Corso di Optometria Studenti-Lavoratori<\/h1>\t\t\t\t<\/div>\n\t\t\t\t<\/div>\n\t\t\t\t\t<\/div>\n\t\t<\/div>\n\t\t\t\t\t<\/div>\n\t\t<\/section>\n\t\t\t\t<section class=\"elementor-section elementor-top-section elementor-element elementor-element-5dc815d elementor-section-boxed elementor-section-height-default elementor-section-height-default\" data-id=\"5dc815d\" data-element_type=\"section\" data-e-type=\"section\">\n\t\t\t\t\t\t<div class=\"elementor-container elementor-column-gap-default\">\n\t\t\t\t\t<div class=\"elementor-column elementor-col-100 elementor-top-column elementor-element elementor-element-713494b\" data-id=\"713494b\" data-element_type=\"column\" data-e-type=\"column\">\n\t\t\t<div class=\"elementor-widget-wrap elementor-element-populated\">\n\t\t\t\t\t\t<section class=\"elementor-section elementor-inner-section elementor-element elementor-element-5e3862e elementor-section-boxed elementor-section-height-default elementor-section-height-default\" data-id=\"5e3862e\" data-element_type=\"section\" data-e-type=\"section\">\n\t\t\t\t\t\t<div class=\"elementor-container elementor-column-gap-default\">\n\t\t\t\t\t<div class=\"elementor-column elementor-col-100 elementor-inner-column elementor-element elementor-element-7fad46a\" data-id=\"7fad46a\" data-element_type=\"column\" data-e-type=\"column\">\n\t\t\t<div class=\"elementor-widget-wrap elementor-element-populated\">\n\t\t\t\t\t\t<div class=\"elementor-element elementor-element-727deaa elementor-widget elementor-widget-text-editor\" data-id=\"727deaa\" data-element_type=\"widget\" data-e-type=\"widget\" data-widget_type=\"text-editor.default\">\n\t\t\t\t<div class=\"elementor-widget-container\">\n\t\t\t\t\t\t\t\t\t<p><b>Obiettivi del corso:<\/b><\/p><p>Il corso di Optometria \u00e8 l\u2019ideale prosecuzione del corso di Ottica e ha lo scopo di completare e integrare le conoscenze utili a svolgere un accurato esame refrattivo nella sua totalit\u00e0: dalle problematiche e anomalie della visione binoculare, all\u2019applicazioni di lenti a contatto nei suoi molteplici aspetti: lenti nella pediatria, geriatria, presenza di cheratocono, post chirurgia rifrattiva, post trapianti di cornea, ortocheratologia, applicazione di lenti a contatto sclerali e terapeutiche. Le lezioni teoriche si integrano con le parti pratiche nell\u2019ambulatorio optometrico, suddividendo i partecipanti in gruppi di lavoro, affinch\u00e9 ogni partecipante acquisti quella manualit\u00e0 che gli permetta di gestire con sicurezza la propria attivit\u00e0 professionale.<br \/>Come per il corso curriculare sono previste lezioni teoriche e pratiche, quest\u2019ultime verranno effettuate suddividendo la classe in piccoli gruppi affinch\u00e9 tutti siano messi in grado di acquisire quella manualit\u00e0 necessaria per svolgere con professionalit\u00e0 la propria attivit\u00e0.<\/p>\t\t\t\t\t\t\t\t<\/div>\n\t\t\t\t<\/div>\n\t\t\t\t\t<\/div>\n\t\t<\/div>\n\t\t\t\t\t<\/div>\n\t\t<\/section>\n\t\t\t\t\t<\/div>\n\t\t<\/div>\n\t\t\t\t\t<\/div>\n\t\t<\/section>\n\t\t\t\t<section class=\"elementor-section elementor-top-section elementor-element elementor-element-4f7fafb elementor-section-boxed elementor-section-height-default elementor-section-height-default\" data-id=\"4f7fafb\" data-element_type=\"section\" data-e-type=\"section\">\n\t\t\t\t\t\t<div class=\"elementor-container elementor-column-gap-default\">\n\t\t\t\t\t<div class=\"elementor-column elementor-col-100 elementor-top-column elementor-element elementor-element-8fbba55\" data-id=\"8fbba55\" data-element_type=\"column\" data-e-type=\"column\">\n\t\t\t<div class=\"elementor-widget-wrap elementor-element-populated\">\n\t\t\t\t\t\t<section class=\"elementor-section elementor-inner-section elementor-element elementor-element-57e0042 elementor-section-boxed elementor-section-height-default elementor-section-height-default\" data-id=\"57e0042\" data-element_type=\"section\" data-e-type=\"section\">\n\t\t\t\t\t\t<div class=\"elementor-container elementor-column-gap-default\">\n\t\t\t\t\t<div class=\"elementor-column elementor-col-100 elementor-inner-column elementor-element elementor-element-81db04b\" data-id=\"81db04b\" data-element_type=\"column\" data-e-type=\"column\">\n\t\t\t<div class=\"elementor-widget-wrap elementor-element-populated\">\n\t\t\t\t\t\t<div class=\"elementor-element elementor-element-1a99819 elementor-widget elementor-widget-text-editor\" data-id=\"1a99819\" data-element_type=\"widget\" data-e-type=\"widget\" data-widget_type=\"text-editor.default\">\n\t\t\t\t<div class=\"elementor-widget-container\">\n\t\t\t\t\t\t\t\t\t<p><b>Durata del corso:<\/b><\/p><p>Il corso si presenta con gli stessi contenuti del corso curriculare e si articola in 18\/20 incontri di due giorni (domenica e luned\u00ec) con una frequenza di un incontro ogni tre\/quattro settimane.\u00a0<br \/>Durante il primo incontro viene svolta un\u2019indagine sul livello di preparazione dei candidati al fine di impostare due incontri integrativi con la finalit\u00e0 di uniformare il livello di base dei partecipanti.<\/p><p>Dopo aver sostenuto gli esami delle varie materie, una verifica di ambulatorio Optometrico e la discussione su un argomento a scelta del candidato verr\u00e0 rilasciato <b><span style=\"color: red;\">l\u2019Attestato di Specializzazione in Optometria<\/span><\/b>.<\/p>\t\t\t\t\t\t\t\t<\/div>\n\t\t\t\t<\/div>\n\t\t\t\t\t<\/div>\n\t\t<\/div>\n\t\t\t\t\t<\/div>\n\t\t<\/section>\n\t\t\t\t\t<\/div>\n\t\t<\/div>\n\t\t\t\t\t<\/div>\n\t\t<\/section>\n\t\t\t\t<section class=\"elementor-section elementor-top-section elementor-element elementor-element-26a4dc3 elementor-section-boxed elementor-section-height-default elementor-section-height-default\" data-id=\"26a4dc3\" data-element_type=\"section\" data-e-type=\"section\">\n\t\t\t\t\t\t<div class=\"elementor-container elementor-column-gap-default\">\n\t\t\t\t\t<div class=\"elementor-column elementor-col-100 elementor-top-column elementor-element elementor-element-c2145ef\" data-id=\"c2145ef\" data-element_type=\"column\" data-e-type=\"column\">\n\t\t\t<div class=\"elementor-widget-wrap elementor-element-populated\">\n\t\t\t\t\t\t<section class=\"elementor-section elementor-inner-section elementor-element elementor-element-aec89c9 elementor-section-boxed elementor-section-height-default elementor-section-height-default\" data-id=\"aec89c9\" data-element_type=\"section\" data-e-type=\"section\">\n\t\t\t\t\t\t<div class=\"elementor-container elementor-column-gap-default\">\n\t\t\t\t\t<div class=\"elementor-column elementor-col-100 elementor-inner-column elementor-element elementor-element-2b1c428\" data-id=\"2b1c428\" data-element_type=\"column\" data-e-type=\"column\">\n\t\t\t<div class=\"elementor-widget-wrap elementor-element-populated\">\n\t\t\t\t\t\t<div class=\"elementor-element elementor-element-e31a30c elementor-widget elementor-widget-text-editor\" data-id=\"e31a30c\" data-element_type=\"widget\" data-e-type=\"widget\" data-widget_type=\"text-editor.default\">\n\t\t\t\t<div class=\"elementor-widget-container\">\n\t\t\t\t\t\t\t\t\t<p><b>Requisiti:<br \/><\/b><span style=\"color: var( --e-global-color-text );\">Conseguito il Diploma di \u201cAbilitazione all\u2019Esercizio dell\u2019Arte Ausiliaria Sanitaria di Ottico\u201d.<\/span><\/p>\t\t\t\t\t\t\t\t<\/div>\n\t\t\t\t<\/div>\n\t\t\t\t\t<\/div>\n\t\t<\/div>\n\t\t\t\t\t<\/div>\n\t\t<\/section>\n\t\t\t\t\t<\/div>\n\t\t<\/div>\n\t\t\t\t\t<\/div>\n\t\t<\/section>\n\t\t\t\t<section class=\"elementor-section elementor-top-section elementor-element elementor-element-cb9671e elementor-section-boxed elementor-section-height-default elementor-section-height-default\" data-id=\"cb9671e\" data-element_type=\"section\" data-e-type=\"section\">\n\t\t\t\t\t\t<div class=\"elementor-container elementor-column-gap-default\">\n\t\t\t\t\t<div class=\"elementor-column elementor-col-100 elementor-top-column elementor-element elementor-element-0d4c2ca\" data-id=\"0d4c2ca\" data-element_type=\"column\" data-e-type=\"column\">\n\t\t\t<div class=\"elementor-widget-wrap elementor-element-populated\">\n\t\t\t\t\t\t<div class=\"elementor-element elementor-element-5332652 elementor-widget__width-initial elementor-widget elementor-widget-button\" data-id=\"5332652\" data-element_type=\"widget\" data-e-type=\"widget\" data-widget_type=\"button.default\">\n\t\t\t\t<div class=\"elementor-widget-container\">\n\t\t\t\t\t\t\t\t\t<div class=\"elementor-button-wrapper\">\n\t\t\t\t\t<a class=\"elementor-button elementor-button-link elementor-size-sm\" href=\"https:\/\/lascuoladiottica.it\/?page_id=78\">\n\t\t\t\t\t\t<span class=\"elementor-button-content-wrapper\">\n\t\t\t\t\t\t\t\t\t<span class=\"elementor-button-text\">Contattaci<\/span>\n\t\t\t\t\t<\/span>\n\t\t\t\t\t<\/a>\n\t\t\t\t<\/div>\n\t\t\t\t\t\t\t\t<\/div>\n\t\t\t\t<\/div>\n\t\t\t\t\t<\/div>\n\t\t<\/div>\n\t\t\t\t\t<\/div>\n\t\t<\/section>\n\t\t\t\t<\/div>\n\t\t","protected":false},"excerpt":{"rendered":"<p>Corso di Optometria Studenti-Lavoratori Obiettivi del corso: Il corso di Optometria \u00e8 l\u2019ideale prosecuzione del corso di Ottica e ha lo scopo di completare e integrare le conoscenze utili a svolgere un accurato esame refrattivo nella sua totalit\u00e0: dalle problematiche e anomalie della visione binoculare, all\u2019applicazioni di lenti a contatto nei suoi molteplici aspetti: lenti [&hellip;]<\/p>\n","protected":false},"author":1,"featured_media":0,"parent":0,"menu_order":0,"comment_status":"closed","ping_status":"closed","template":"","meta":{"footnotes":""},"class_list":["post-1583","page","type-page","status-publish","hentry"],"yoast_head":"<!-- This site is optimized with the Yoast SEO plugin v27.6 - https:\/\/yoast.com\/product\/yoast-seo-wordpress\/ -->\n<title>Corso di Optometria Annuale Studenti-Lavoratori - Ottica SRL<\/title>\n<meta name=\"robots\" content=\"index, follow, max-snippet:-1, max-image-preview:large, max-video-preview:-1\" \/>\n<link rel=\"canonical\" href=\"https:\/\/lascuoladiottica.it\/?page_id=1583\" \/>\n<meta property=\"og:locale\" content=\"it_IT\" \/>\n<meta property=\"og:type\" content=\"article\" \/>\n<meta property=\"og:title\" content=\"Corso di Optometria Annuale Studenti-Lavoratori - Ottica SRL\" \/>\n<meta property=\"og:description\" content=\"Corso di Optometria Studenti-Lavoratori Obiettivi del corso: Il corso di Optometria \u00e8 l\u2019ideale prosecuzione del corso di Ottica e ha lo scopo di completare e integrare le conoscenze utili a svolgere un accurato esame refrattivo nella sua totalit\u00e0: dalle problematiche e anomalie della visione binoculare, all\u2019applicazioni di lenti a contatto nei suoi molteplici aspetti: lenti [&hellip;]\" \/>\n<meta property=\"og:url\" content=\"https:\/\/lascuoladiottica.it\/?page_id=1583\" \/>\n<meta property=\"og:site_name\" content=\"Ottica SRL\" \/>\n<meta property=\"article:modified_time\" content=\"2026-03-02T14:43:38+00:00\" \/>\n<meta property=\"og:image\" content=\"https:\/\/lascuoladiottica.it\/wp-content\/uploads\/2024\/02\/optometria.jpg\" \/>\n\t<meta property=\"og:image:width\" content=\"1024\" \/>\n\t<meta property=\"og:image:height\" content=\"683\" \/>\n\t<meta property=\"og:image:type\" content=\"image\/jpeg\" \/>\n<meta name=\"twitter:card\" content=\"summary_large_image\" \/>\n<meta name=\"twitter:label1\" content=\"Tempo di lettura stimato\" \/>\n\t<meta name=\"twitter:data1\" content=\"2 minuti\" \/>\n<script type=\"application\/ld+json\" class=\"yoast-schema-graph\">{\"@context\":\"https:\\\/\\\/schema.org\",\"@graph\":[{\"@type\":\"WebPage\",\"@id\":\"https:\\\/\\\/lascuoladiottica.it\\\/?page_id=1583\",\"url\":\"https:\\\/\\\/lascuoladiottica.it\\\/?page_id=1583\",\"name\":\"Corso di Optometria Annuale Studenti-Lavoratori - Ottica SRL\",\"isPartOf\":{\"@id\":\"https:\\\/\\\/lascuoladiottica.it\\\/#website\"},\"primaryImageOfPage\":{\"@id\":\"https:\\\/\\\/lascuoladiottica.it\\\/?page_id=1583#primaryimage\"},\"image\":{\"@id\":\"https:\\\/\\\/lascuoladiottica.it\\\/?page_id=1583#primaryimage\"},\"thumbnailUrl\":\"https:\\\/\\\/lascuoladiottica.it\\\/wp-content\\\/uploads\\\/2024\\\/02\\\/optometria-768x512.jpg\",\"datePublished\":\"2024-02-13T14:33:57+00:00\",\"dateModified\":\"2026-03-02T14:43:38+00:00\",\"breadcrumb\":{\"@id\":\"https:\\\/\\\/lascuoladiottica.it\\\/?page_id=1583#breadcrumb\"},\"inLanguage\":\"it-IT\",\"potentialAction\":[{\"@type\":\"ReadAction\",\"target\":[\"https:\\\/\\\/lascuoladiottica.it\\\/?page_id=1583\"]}]},{\"@type\":\"ImageObject\",\"inLanguage\":\"it-IT\",\"@id\":\"https:\\\/\\\/lascuoladiottica.it\\\/?page_id=1583#primaryimage\",\"url\":\"https:\\\/\\\/lascuoladiottica.it\\\/wp-content\\\/uploads\\\/2024\\\/02\\\/optometria.jpg\",\"contentUrl\":\"https:\\\/\\\/lascuoladiottica.it\\\/wp-content\\\/uploads\\\/2024\\\/02\\\/optometria.jpg\",\"width\":1024,\"height\":683},{\"@type\":\"BreadcrumbList\",\"@id\":\"https:\\\/\\\/lascuoladiottica.it\\\/?page_id=1583#breadcrumb\",\"itemListElement\":[{\"@type\":\"ListItem\",\"position\":1,\"name\":\"Home\",\"item\":\"https:\\\/\\\/lascuoladiottica.it\\\/\"},{\"@type\":\"ListItem\",\"position\":2,\"name\":\"Corso di Optometria Annuale Studenti-Lavoratori\"}]},{\"@type\":\"WebSite\",\"@id\":\"https:\\\/\\\/lascuoladiottica.it\\\/#website\",\"url\":\"https:\\\/\\\/lascuoladiottica.it\\\/\",\"name\":\"Ottica - La Scuola di Ottica\",\"description\":\"La Scuola di Ottica a Modena\",\"publisher\":{\"@id\":\"https:\\\/\\\/lascuoladiottica.it\\\/#organization\"},\"potentialAction\":[{\"@type\":\"SearchAction\",\"target\":{\"@type\":\"EntryPoint\",\"urlTemplate\":\"https:\\\/\\\/lascuoladiottica.it\\\/?s={search_term_string}\"},\"query-input\":{\"@type\":\"PropertyValueSpecification\",\"valueRequired\":true,\"valueName\":\"search_term_string\"}}],\"inLanguage\":\"it-IT\"},{\"@type\":\"Organization\",\"@id\":\"https:\\\/\\\/lascuoladiottica.it\\\/#organization\",\"name\":\"Ottica SRL\",\"url\":\"https:\\\/\\\/lascuoladiottica.it\\\/\",\"logo\":{\"@type\":\"ImageObject\",\"inLanguage\":\"it-IT\",\"@id\":\"https:\\\/\\\/lascuoladiottica.it\\\/#\\\/schema\\\/logo\\\/image\\\/\",\"url\":\"https:\\\/\\\/lascuoladiottica.it\\\/wp-content\\\/uploads\\\/2023\\\/07\\\/Ottica_LogoPayoff_Mag2023.jpg\",\"contentUrl\":\"https:\\\/\\\/lascuoladiottica.it\\\/wp-content\\\/uploads\\\/2023\\\/07\\\/Ottica_LogoPayoff_Mag2023.jpg\",\"width\":750,\"height\":300,\"caption\":\"Ottica SRL\"},\"image\":{\"@id\":\"https:\\\/\\\/lascuoladiottica.it\\\/#\\\/schema\\\/logo\\\/image\\\/\"}}]}<\/script>\n<!-- \/ Yoast SEO plugin. -->","yoast_head_json":{"title":"Corso di Optometria Annuale Studenti-Lavoratori - Ottica SRL","robots":{"index":"index","follow":"follow","max-snippet":"max-snippet:-1","max-image-preview":"max-image-preview:large","max-video-preview":"max-video-preview:-1"},"canonical":"https:\/\/lascuoladiottica.it\/?page_id=1583","og_locale":"it_IT","og_type":"article","og_title":"Corso di Optometria Annuale Studenti-Lavoratori - Ottica SRL","og_description":"Corso di Optometria Studenti-Lavoratori Obiettivi del corso: Il corso di Optometria \u00e8 l\u2019ideale prosecuzione del corso di Ottica e ha lo scopo di completare e integrare le conoscenze utili a svolgere un accurato esame refrattivo nella sua totalit\u00e0: dalle problematiche e anomalie della visione binoculare, all\u2019applicazioni di lenti a contatto nei suoi molteplici aspetti: lenti [&hellip;]","og_url":"https:\/\/lascuoladiottica.it\/?page_id=1583","og_site_name":"Ottica SRL","article_modified_time":"2026-03-02T14:43:38+00:00","og_image":[{"width":1024,"height":683,"url":"https:\/\/lascuoladiottica.it\/wp-content\/uploads\/2024\/02\/optometria.jpg","type":"image\/jpeg"}],"twitter_card":"summary_large_image","twitter_misc":{"Tempo di lettura stimato":"2 minuti"},"schema":{"@context":"https:\/\/schema.org","@graph":[{"@type":"WebPage","@id":"https:\/\/lascuoladiottica.it\/?page_id=1583","url":"https:\/\/lascuoladiottica.it\/?page_id=1583","name":"Corso di Optometria Annuale Studenti-Lavoratori - Ottica SRL","isPartOf":{"@id":"https:\/\/lascuoladiottica.it\/#website"},"primaryImageOfPage":{"@id":"https:\/\/lascuoladiottica.it\/?page_id=1583#primaryimage"},"image":{"@id":"https:\/\/lascuoladiottica.it\/?page_id=1583#primaryimage"},"thumbnailUrl":"https:\/\/lascuoladiottica.it\/wp-content\/uploads\/2024\/02\/optometria-768x512.jpg","datePublished":"2024-02-13T14:33:57+00:00","dateModified":"2026-03-02T14:43:38+00:00","breadcrumb":{"@id":"https:\/\/lascuoladiottica.it\/?page_id=1583#breadcrumb"},"inLanguage":"it-IT","potentialAction":[{"@type":"ReadAction","target":["https:\/\/lascuoladiottica.it\/?page_id=1583"]}]},{"@type":"ImageObject","inLanguage":"it-IT","@id":"https:\/\/lascuoladiottica.it\/?page_id=1583#primaryimage","url":"https:\/\/lascuoladiottica.it\/wp-content\/uploads\/2024\/02\/optometria.jpg","contentUrl":"https:\/\/lascuoladiottica.it\/wp-content\/uploads\/2024\/02\/optometria.jpg","width":1024,"height":683},{"@type":"BreadcrumbList","@id":"https:\/\/lascuoladiottica.it\/?page_id=1583#breadcrumb","itemListElement":[{"@type":"ListItem","position":1,"name":"Home","item":"https:\/\/lascuoladiottica.it\/"},{"@type":"ListItem","position":2,"name":"Corso di Optometria Annuale Studenti-Lavoratori"}]},{"@type":"WebSite","@id":"https:\/\/lascuoladiottica.it\/#website","url":"https:\/\/lascuoladiottica.it\/","name":"Ottica - La Scuola di Ottica","description":"La Scuola di Ottica a Modena","publisher":{"@id":"https:\/\/lascuoladiottica.it\/#organization"},"potentialAction":[{"@type":"SearchAction","target":{"@type":"EntryPoint","urlTemplate":"https:\/\/lascuoladiottica.it\/?s={search_term_string}"},"query-input":{"@type":"PropertyValueSpecification","valueRequired":true,"valueName":"search_term_string"}}],"inLanguage":"it-IT"},{"@type":"Organization","@id":"https:\/\/lascuoladiottica.it\/#organization","name":"Ottica SRL","url":"https:\/\/lascuoladiottica.it\/","logo":{"@type":"ImageObject","inLanguage":"it-IT","@id":"https:\/\/lascuoladiottica.it\/#\/schema\/logo\/image\/","url":"https:\/\/lascuoladiottica.it\/wp-content\/uploads\/2023\/07\/Ottica_LogoPayoff_Mag2023.jpg","contentUrl":"https:\/\/lascuoladiottica.it\/wp-content\/uploads\/2023\/07\/Ottica_LogoPayoff_Mag2023.jpg","width":750,"height":300,"caption":"Ottica SRL"},"image":{"@id":"https:\/\/lascuoladiottica.it\/#\/schema\/logo\/image\/"}}]}},"_links":{"self":[{"href":"https:\/\/lascuoladiottica.it\/index.php?rest_route=\/wp\/v2\/pages\/1583","targetHints":{"allow":["GET"]}}],"collection":[{"href":"https:\/\/lascuoladiottica.it\/index.php?rest_route=\/wp\/v2\/pages"}],"about":[{"href":"https:\/\/lascuoladiottica.it\/index.php?rest_route=\/wp\/v2\/types\/page"}],"author":[{"embeddable":true,"href":"https:\/\/lascuoladiottica.it\/index.php?rest_route=\/wp\/v2\/users\/1"}],"replies":[{"embeddable":true,"href":"https:\/\/lascuoladiottica.it\/index.php?rest_route=%2Fwp%2Fv2%2Fcomments&post=1583"}],"version-history":[{"count":16,"href":"https:\/\/lascuoladiottica.it\/index.php?rest_route=\/wp\/v2\/pages\/1583\/revisions"}],"predecessor-version":[{"id":2808,"href":"https:\/\/lascuoladiottica.it\/index.php?rest_route=\/wp\/v2\/pages\/1583\/revisions\/2808"}],"wp:attachment":[{"href":"https:\/\/lascuoladiottica.it\/index.php?rest_route=%2Fwp%2Fv2%2Fmedia&parent=1583"}],"curies":[{"name":"wp","href":"https:\/\/api.w.org\/{rel}","templated":true}]}}